{"id":120,"date":"2024-06-13T06:50:25","date_gmt":"2024-06-13T06:50:25","guid":{"rendered":"https:\/\/themes.templatescoder.com\/sastra-addon\/demo-11\/?page_id=120"},"modified":"2026-01-19T16:19:32","modified_gmt":"2026-01-19T16:19:32","slug":"serviciile-noastre","status":"publish","type":"page","link":"https:\/\/spalarepavaj.ro\/index.php\/serviciile-noastre\/","title":{"rendered":"Sp\u0103lare Pavaj: Transform\u0103-\u021bi Curtea 100% \u2013 Ofert\u0103 Special\u0103 Acum!"},"content":{"rendered":"\n<h2 class=\"wp-block-heading\">Serviciile noastre<\/h2>\n\n\n\n<figure class=\"wp-block-image is-resized is-style-center\"><a href=\"https:\/\/www.wienerberger.ro\/produse\/semmelrock\/pavaje\/pavaj-rettango.html\" target=\"_blank\" rel=\"noopener\"><img decoding=\"async\" src=\"https:\/\/spalarepavaj.ro\/wp-content\/uploads\/2025\/04\/Imagine-WhatsApp-2025-04-22-la-22.03.11_9d6b5180-768x1024.webp\" alt=\"pavaj Rettango combi 6 gri bazalt\" style=\"width:436px;height:auto\"\/><\/a><\/figure>\n\n\n\n<p><\/p>\n\n\n\n<p><strong>Sp\u0103lare profesional\u0103 pavaj<\/strong><\/p>\n\n\n\n<p>Cu timpul, pavajul devine \u00eenc\u0103rcat de murd\u0103rie, praf, pete de ulei, mu\u0219chi sau alte depuneri care afecteaz\u0103 at\u00e2t aspectul estetic, c\u00e2t \u0219i siguran\u021ba suprafe\u021bei. La <strong data-start=\"358\" data-end=\"377\">City Jet Expert<\/strong>, oferim servicii profesionale de <strong data-start=\"411\" data-end=\"428\">sp\u0103lare pavaj<\/strong> folosind echipamente moderne cu presiune \u00eenalt\u0103, capabile s\u0103 \u00eendep\u0103rteze eficient chiar \u0219i cele mai persistente impurit\u0103\u021bi.<\/p>\n\n\n\n<figure class=\"wp-block-image is-resized\"><img decoding=\"async\" src=\"https:\/\/spalarepavaj.ro\/wp-content\/uploads\/2025\/04\/Imagine-WhatsApp-2025-04-22-la-22.19.47_9a89ca27-768x1024.webp\" alt=\"piatra naturala\" style=\"width:439px;height:auto\"\/><\/figure>\n\n\n\n<p><\/p>\n\n\n\n<p><strong>Spalare piatra naturala<\/strong><\/p>\n\n\n\n<p>Piatra natural\u0103 ofer\u0103 un aspect elegant \u0219i durabil, dar este sensibil\u0103 la murd\u0103rie, pete \u0219i depuneri care se pot acumula \u00een timp. La <strong data-start=\"462\" data-end=\"481\">City Jet Expert<\/strong>, oferim servicii specializate de <strong data-start=\"515\" data-end=\"542\">sp\u0103lare piatr\u0103 natural\u0103<\/strong>, adaptate fiec\u0103rui tip de material \u2013 travertin, granit, marmur\u0103, ardezie sau calcar.<\/p>\n\n\n\n<figure class=\"wp-block-image is-resized\"><a href=\"https:\/\/influent.ro\/\" target=\"_blank\" rel=\"noopener\"><img decoding=\"async\" src=\"https:\/\/spalarepavaj.ro\/wp-content\/uploads\/2025\/04\/Imagine-WhatsApp-2025-04-22-la-22.14.45_17ca780b-1024x768.webp\" alt=\"spalare hala Influent Baia-Mare\" style=\"aspect-ratio:1.3333192281651998;width:441px;height:auto\"\/><\/a><\/figure>\n\n\n\n<p><\/p>\n\n\n\n<p><strong>Sp\u0103lare hale industriale<\/strong><\/p>\n\n\n\n<p>\u00cen halele industriale, pardoselile sunt expuse zilnic la murd\u0103rie intens\u0103, praf tehnic, scurgeri de ulei sau substan\u021be chimice. La <strong data-start=\"3302\" data-end=\"3321\">City Jet Expert<\/strong>, oferim solu\u021bii profesionale de <strong data-start=\"3354\" data-end=\"3400\">sp\u0103lare pardoseli pentru medii industriale<\/strong>, utiliz\u00e2nd echipamente speciale \u0219i solu\u021bii adaptate fiec\u0103rui tip de contaminare. Asigur\u0103m o cur\u0103\u021bare temeinic\u0103 \u0219i rapid\u0103, contribuind la un mediu de lucru sigur, organizat \u0219i conform standardelor de igien\u0103.<\/p>\n\n\n\n<figure class=\"wp-block-image size-full is-resized\"><a href=\"https:\/\/nicegreenultra.com\/\" target=\"_blank\" rel=\"noopener\"><img fetchpriority=\"high\" decoding=\"async\" width=\"713\" height=\"951\" src=\"https:\/\/spalarepavaj.ro\/wp-content\/uploads\/2026\/01\/Nice-green-ultra.webp\" alt=\"Nice green Ultra\" class=\"wp-image-753\" style=\"width:438px;height:auto\" srcset=\"https:\/\/spalarepavaj.ro\/wp-content\/uploads\/2026\/01\/Nice-green-ultra.webp 713w, https:\/\/spalarepavaj.ro\/wp-content\/uploads\/2026\/01\/Nice-green-ultra-225x300.webp 225w\" sizes=\"(max-width: 713px) 100vw, 713px\" \/><\/a><\/figure>\n\n\n\n<p><\/p>\n\n\n\n<p><strong>Detergenti si solutii pentru curatare si intretinere pavaj si piatra naturala<\/strong><\/p>\n\n\n\n<p>Detinem o gama variata de detergenti si solutii de intretinere pentru pavaj si piatra naturala.<\/p>\n\n\n\n<figure class=\"wp-block-image is-resized\"><img decoding=\"async\" src=\"https:\/\/spalarepavaj.ro\/wp-content\/uploads\/2025\/04\/Imagine-WhatsApp-2025-04-22-la-23.30.45_87d819a0.jpg\" alt=\"solutie de tratare piatra\" style=\"width:438px;height:auto\"\/><\/figure>\n\n\n\n<p><\/p>\n\n\n\n<p><strong>Tratamente piatra naturala<\/strong><\/p>\n\n\n\n<p>Oferim tratamente specializate pentru toate tipurile de piatr\u0103 natural\u0103 \u2013 marmur\u0103, granit, travertin, ardezie sau calcar. Cur\u0103\u021b\u0103m \u0219i protej\u0103m suprafe\u021bele prin impermeabilizare, tratamente anti-pete, antiderapante \u0219i de conservare estetic\u0103.<\/p>\n\n\n\n<figure class=\"wp-block-image size-full\"><img decoding=\"async\" src=\"https:\/\/spalarepavaj.ro\/wp-content\/uploads\/2025\/10\/Cmar-2.heic\" alt=\"\" class=\"wp-image-518\"\/><\/figure>\n\n\n\n<p><\/p>\n\n\n\n<p><strong>Spalare industriala<\/strong><\/p>\n\n\n\n<figure class=\"wp-block-image size-large is-resized\"><img decoding=\"async\" width=\"793\" height=\"1024\" src=\"https:\/\/spalarepavaj.ro\/wp-content\/uploads\/2025\/10\/Cmar-gradi-793x1024.jpg\" alt=\"cmar Nc 300 utilaj spalare pavaj si piatra naturala\" class=\"wp-image-521\" style=\"width:435px;height:auto\"\/><\/figure>\n\n\n\n<p>Singurul utilaj din tara dedicat spalarii cu presiune si apa fierbinte conceput pentru suprafete industriale<\/p>\n\n\n\n<p>avand o capacitate de pana la 5000 de metri patrati pe zi.<\/p>\n\n\n\n<p><\/p>\n","protected":false},"excerpt":{"rendered":"<p>Serviciile noastre Sp\u0103lare profesional\u0103 pavaj Cu timpul, pavajul devine \u00eenc\u0103rcat de murd\u0103rie, praf, pete de ulei, mu\u0219chi sau alte depuneri care afecteaz\u0103 at\u00e2t aspectul estetic, c\u00e2t \u0219i siguran\u021ba suprafe\u021bei. La City Jet Expert, oferim servicii profesionale de sp\u0103lare pavaj folosind echipamente moderne cu presiune \u00eenalt\u0103, capabile s\u0103 \u00eendep\u0103rteze eficient chiar \u0219i cele mai persistente impurit\u0103\u021bi. [&hellip;]<\/p>\n","protected":false},"author":1,"featured_media":0,"parent":0,"menu_order":0,"comment_status":"closed","ping_status":"closed","template":"elementor_header_footer","meta":{"om_disable_all_campaigns":false,"_monsterinsights_skip_tracking":false,"_monsterinsights_sitenote_active":false,"_monsterinsights_sitenote_note":"","_monsterinsights_sitenote_category":0,"_joinchat":[],"footnotes":""},"class_list":["post-120","page","type-page","status-publish","hentry"],"_links":{"self":[{"href":"https:\/\/spalarepavaj.ro\/index.php\/wp-json\/wp\/v2\/pages\/120","targetHints":{"allow":["GET"]}}],"collection":[{"href":"https:\/\/spalarepavaj.ro\/index.php\/wp-json\/wp\/v2\/pages"}],"about":[{"href":"https:\/\/spalarepavaj.ro\/index.php\/wp-json\/wp\/v2\/types\/page"}],"author":[{"embeddable":true,"href":"https:\/\/spalarepavaj.ro\/index.php\/wp-json\/wp\/v2\/users\/1"}],"replies":[{"embeddable":true,"href":"https:\/\/spalarepavaj.ro\/index.php\/wp-json\/wp\/v2\/comments?post=120"}],"version-history":[{"count":34,"href":"https:\/\/spalarepavaj.ro\/index.php\/wp-json\/wp\/v2\/pages\/120\/revisions"}],"predecessor-version":[{"id":754,"href":"https:\/\/spalarepavaj.ro\/index.php\/wp-json\/wp\/v2\/pages\/120\/revisions\/754"}],"wp:attachment":[{"href":"https:\/\/spalarepavaj.ro\/index.php\/wp-json\/wp\/v2\/media?parent=120"}],"curies":[{"name":"wp","href":"https:\/\/api.w.org\/{rel}","templated":true}]}}